{"id":444,"date":"2025-12-12T12:05:47","date_gmt":"2025-12-12T18:05:47","guid":{"rendered":"https:\/\/iladuanas.creativos.cc\/?page_id=444"},"modified":"2025-12-23T11:39:13","modified_gmt":"2025-12-23T17:39:13","slug":"sobre-nosotros","status":"publish","type":"page","link":"https:\/\/iladuanascr.com\/en\/sobre-nosotros\/","title":{"rendered":"About Us"},"content":{"rendered":"<div data-elementor-type=\"wp-page\" data-elementor-id=\"444\" class=\"elementor elementor-444\">\n\t\t\t\t<div class=\"elementor-element elementor-element-1ed2801 e-flex e-con-boxed wpr-particle-no wpr-jarallax-no wpr-parallax-no wpr-sticky-section-no e-con e-parent\" data-id=\"1ed2801\" data-element_type=\"container\" data-settings=\"{&quot;background_background&quot;:&quot;classic&quot;}\">\n\t\t\t\t\t<div class=\"e-con-inner\">\n\t\t<div class=\"elementor-element elementor-element-fad8702 e-con-full e-flex wpr-particle-no wpr-jarallax-no wpr-parallax-no wpr-sticky-section-no e-con e-child\" data-id=\"fad8702\" data-element_type=\"container\" data-settings=\"{&quot;background_background&quot;:&quot;classic&quot;}\">\n\t\t\t\t<div class=\"elementor-element elementor-element-bc6c1cb elementor-widget__width-initial elementor-widget elementor-widget-heading\" data-id=\"bc6c1cb\" data-element_type=\"widget\" data-widget_type=\"heading.default\">\n\t\t\t\t\t<h2 class=\"elementor-heading-title elementor-size-default\">About ILADUANAS<\/h2>\t\t\t\t<\/div>\n\t\t\t\t<div class=\"elementor-element elementor-element-384d419 elementor-widget elementor-widget-text-editor\" data-id=\"384d419\" data-element_type=\"widget\" data-widget_type=\"text-editor.default\">\n\t\t\t\t\t\t\t\t\t<p>IL ADUANAS was born from an entrepreneurial vision and a constant desire for growth. Its history begins in 2016 with a personal project dedicated to importing swimwear for local stores in Costa Rica.<\/p>\t\t\t\t\t\t\t\t<\/div>\n\t\t\t\t<\/div>\n\t\t<div class=\"elementor-element elementor-element-8ee2a3f e-con-full e-flex wpr-particle-no wpr-jarallax-no wpr-parallax-no wpr-sticky-section-no e-con e-child\" data-id=\"8ee2a3f\" data-element_type=\"container\" data-settings=\"{&quot;background_background&quot;:&quot;classic&quot;}\">\n\t\t\t\t<\/div>\n\t\t\t\t\t<\/div>\n\t\t\t\t<\/div>\n\t\t<div class=\"elementor-element elementor-element-46e8877 e-flex e-con-boxed wpr-particle-no wpr-jarallax-no wpr-parallax-no wpr-sticky-section-no e-con e-parent\" data-id=\"46e8877\" data-element_type=\"container\" data-settings=\"{&quot;background_background&quot;:&quot;classic&quot;}\">\n\t\t\t\t\t<div class=\"e-con-inner\">\n\t\t<div class=\"elementor-element elementor-element-016758e e-con-full e-flex wpr-particle-no wpr-jarallax-no wpr-parallax-no wpr-sticky-section-no e-con e-child\" data-id=\"016758e\" data-element_type=\"container\">\n\t\t\t\t<div class=\"elementor-element elementor-element-35d6bce elementor-widget elementor-widget-text-editor\" data-id=\"35d6bce\" data-element_type=\"widget\" data-widget_type=\"text-editor.default\">\n\t\t\t\t\t\t\t\t\t<p>In <strong>2020<\/strong>During the pandemic, after earning the trust of their first corporate client, their logistics experience spurred a natural evolution. In <strong>2022<\/strong>, the company was officially founded <strong><span style=\"color: #4d94ff;\">IL ADUANAS<\/span><\/strong>, expanding its services to comprehensive customs procedures.<\/p><p>The growth solidified rapidly by adding major international consolidators as clients, <span style=\"color: #333333;\">strengthening the presence of<\/span> <strong><span style=\"color: #4d94ff;\">IL ADUANAS<\/span><\/strong> in the national logistics sector.<\/p><p>For <strong>2024<\/strong>, the company expanded its <strong><span style=\"color: #4d94ff;\">offerings to include national ground transport, local deliveries, and the logistics management of electric vehicles<\/span><\/strong>, consolid\u00e1ndose como un aliado estrat\u00e9gico en toda la cadena de suministro.<\/p>\t\t\t\t\t\t\t\t<\/div>\n\t\t\t\t<\/div>\n\t\t<div class=\"elementor-element elementor-element-a5ee762 e-con-full e-flex wpr-particle-no wpr-jarallax-no wpr-parallax-no wpr-sticky-section-no e-con e-child\" data-id=\"a5ee762\" data-element_type=\"container\">\n\t\t\t\t<div class=\"elementor-element elementor-element-9395ae3 elementor-widget elementor-widget-image\" data-id=\"9395ae3\" data-element_type=\"widget\" data-widget_type=\"image.default\">\n\t\t\t\t\t\t\t\t\t\t\t\t\t\t\t<img fetchpriority=\"high\" decoding=\"async\" width=\"1024\" height=\"684\" src=\"https:\/\/iladuanascr.com\/wp-content\/uploads\/IL-Aduanas-transportando-1024x684.webp\" class=\"attachment-large size-large wp-image-146\" alt=\"\" srcset=\"https:\/\/iladuanascr.com\/wp-content\/uploads\/IL-Aduanas-transportando-1024x684.webp 1024w, https:\/\/iladuanascr.com\/wp-content\/uploads\/IL-Aduanas-transportando-300x200.webp 300w, https:\/\/iladuanascr.com\/wp-content\/uploads\/IL-Aduanas-transportando-768x513.webp 768w, https:\/\/iladuanascr.com\/wp-content\/uploads\/IL-Aduanas-transportando-1536x1025.webp 1536w, https:\/\/iladuanascr.com\/wp-content\/uploads\/IL-Aduanas-transportando-2048x1367.webp 2048w, https:\/\/iladuanascr.com\/wp-content\/uploads\/IL-Aduanas-transportando-600x401.webp 600w\" sizes=\"(max-width: 1024px) 100vw, 1024px\" \/>\t\t\t\t\t\t\t\t\t\t\t\t\t\t\t<\/div>\n\t\t\t\t<\/div>\n\t\t\t\t\t<\/div>\n\t\t\t\t<\/div>\n\t\t<div class=\"elementor-element elementor-element-ef11e81 e-flex e-con-boxed wpr-particle-no wpr-jarallax-no wpr-parallax-no wpr-sticky-section-no e-con e-parent\" data-id=\"ef11e81\" data-element_type=\"container\" data-settings=\"{&quot;background_background&quot;:&quot;classic&quot;}\">\n\t\t\t\t\t<div class=\"e-con-inner\">\n\t\t<div class=\"elementor-element elementor-element-4817ea2 e-con-full e-flex wpr-particle-no wpr-jarallax-no wpr-parallax-no wpr-sticky-section-no e-con e-child\" data-id=\"4817ea2\" data-element_type=\"container\">\n\t\t\t\t<div class=\"elementor-element elementor-element-b35d9e2 elementor-widget__width-initial elementor-widget elementor-widget-heading\" data-id=\"b35d9e2\" data-element_type=\"widget\" data-widget_type=\"heading.default\">\n\t\t\t\t\t<h2 class=\"elementor-heading-title elementor-size-default\">Personnel Structure<\/h2>\t\t\t\t<\/div>\n\t\t\t\t<\/div>\n\t\t\t\t\t<\/div>\n\t\t\t\t<\/div>\n\t\t<div class=\"elementor-element elementor-element-cd3c294 e-flex e-con-boxed wpr-particle-no wpr-jarallax-no wpr-parallax-no wpr-sticky-section-no e-con e-parent\" data-id=\"cd3c294\" data-element_type=\"container\" data-settings=\"{&quot;background_background&quot;:&quot;classic&quot;}\">\n\t\t\t\t\t<div class=\"e-con-inner\">\n\t\t<div class=\"elementor-element elementor-element-dda04ee e-con-full e-flex wpr-particle-no wpr-jarallax-no wpr-parallax-no wpr-sticky-section-no e-con e-child\" data-id=\"dda04ee\" data-element_type=\"container\">\n\t\t\t\t<div class=\"elementor-element elementor-element-61f419e elementor-widget elementor-widget-heading\" data-id=\"61f419e\" data-element_type=\"widget\" data-widget_type=\"heading.default\">\n\t\t\t\t\t<h2 class=\"elementor-heading-title elementor-size-default\">Founders<\/h2>\t\t\t\t<\/div>\n\t\t\t\t<\/div>\n\t\t<div class=\"elementor-element elementor-element-c732379 e-con-full e-flex wpr-particle-no wpr-jarallax-no wpr-parallax-no wpr-sticky-section-no e-con e-child\" data-id=\"c732379\" data-element_type=\"container\">\n\t\t\t\t<div class=\"elementor-element elementor-element-5981f05 elementor-widget elementor-widget-text-editor\" data-id=\"5981f05\" data-element_type=\"widget\" data-widget_type=\"text-editor.default\">\n\t\t\t\t\t\t\t\t\t<p>Ivania L\u00f3pez \u00c1lvarez<\/p>\t\t\t\t\t\t\t\t<\/div>\n\t\t\t\t<div class=\"elementor-element elementor-element-5dc6f9f elementor-widget elementor-widget-text-editor\" data-id=\"5dc6f9f\" data-element_type=\"widget\" data-widget_type=\"text-editor.default\">\n\t\t\t\t\t\t\t\t\t<p>General Manager<\/p>\t\t\t\t\t\t\t\t<\/div>\n\t\t\t\t<\/div>\n\t\t<div class=\"elementor-element elementor-element-a061888 e-con-full e-flex wpr-particle-no wpr-jarallax-no wpr-parallax-no wpr-sticky-section-no e-con e-child\" data-id=\"a061888\" data-element_type=\"container\">\n\t\t\t\t<div class=\"elementor-element elementor-element-4c461b4 elementor-widget elementor-widget-text-editor\" data-id=\"4c461b4\" data-element_type=\"widget\" data-widget_type=\"text-editor.default\">\n\t\t\t\t\t\t\t\t\t<p>Michael Rueda Calvo<\/p>\t\t\t\t\t\t\t\t<\/div>\n\t\t\t\t<div class=\"elementor-element elementor-element-6528a4c elementor-widget elementor-widget-text-editor\" data-id=\"6528a4c\" data-element_type=\"widget\" data-widget_type=\"text-editor.default\">\n\t\t\t\t\t\t\t\t\t<p>Sub General Manager<\/p>\t\t\t\t\t\t\t\t<\/div>\n\t\t\t\t<\/div>\n\t\t<div class=\"elementor-element elementor-element-499f0e1 e-con-full e-flex wpr-particle-no wpr-jarallax-no wpr-parallax-no wpr-sticky-section-no e-con e-child\" data-id=\"499f0e1\" data-element_type=\"container\">\n\t\t\t\t<div class=\"elementor-element elementor-element-60fec28 elementor-widget elementor-widget-text-editor\" data-id=\"60fec28\" data-element_type=\"widget\" data-widget_type=\"text-editor.default\">\n\t\t\t\t\t\t\t\t\t<p>IL ADUANAS operates with an organized structure to cover all logistical and administrative needs, including the following key departments:<\/p>\t\t\t\t\t\t\t\t<\/div>\n\t\t\t\t<\/div>\n\t\t<div class=\"elementor-element elementor-element-a6a9b36 e-con-full e-flex wpr-particle-no wpr-jarallax-no wpr-parallax-no wpr-sticky-section-no e-con e-child\" data-id=\"a6a9b36\" data-element_type=\"container\">\n\t\t\t\t<div class=\"elementor-element elementor-element-1c856c0 elementor-widget elementor-widget-text-editor\" data-id=\"1c856c0\" data-element_type=\"widget\" data-widget_type=\"text-editor.default\">\n\t\t\t\t\t\t\t\t\t<p><span style=\"color: #333333;\">Customs Agency<\/span><\/p><p><span style=\"color: #333333;\">Maritime Operations<\/span><\/p><p><span style=\"color: #333333;\">Local Transport<\/span><\/p><p><span style=\"color: #333333;\">Parcel Service<\/span><\/p>\t\t\t\t\t\t\t\t<\/div>\n\t\t\t\t<\/div>\n\t\t<div class=\"elementor-element elementor-element-d69ba1f e-con-full e-flex wpr-particle-no wpr-jarallax-no wpr-parallax-no wpr-sticky-section-no e-con e-child\" data-id=\"d69ba1f\" data-element_type=\"container\">\n\t\t\t\t<div class=\"elementor-element elementor-element-04efd02 elementor-widget elementor-widget-text-editor\" data-id=\"04efd02\" data-element_type=\"widget\" data-widget_type=\"text-editor.default\">\n\t\t\t\t\t\t\t\t\t<p>Accounting and Finance.<\/p><p>Commercial Management.<\/p><p>General and Administrative Management.<\/p>\t\t\t\t\t\t\t\t<\/div>\n\t\t\t\t<\/div>\n\t\t\t\t\t<\/div>\n\t\t\t\t<\/div>\n\t\t\t\t<\/div>","protected":false},"excerpt":{"rendered":"<p>Sobre ILADUANAS IL ADUANAS nace de una visi\u00f3n emprendedora y del deseo constante de crecimiento. Su historia comienza en el a\u00f1o 2016, con el proyeccto personal, dedicado a la importaci\u00f3n de trajes de ba\u00f1o para tiendas locales en Costa Rica. En 2020, durante la pandemia, tras ganar la confianza de su primer cliente corporativo, la experiencia log\u00edstica impuls\u00f3 una evoluci\u00f3n natural. En 2022, se fund\u00f3 oficialmente IL ADUANAS, ampliando los servicios a los tr\u00e1mites aduanales e integrales. El crecimiento se consolid\u00f3 r\u00e1pidamente al sumar a grandes consolidadores internacionales como clientes, fortaleciendo la presencia de IL ADUANAS en el sector log\u00edstico nacional. Para 2024, la empresa expandi\u00f3 su oferta hacia el transporte terrestre nacional, las entregas locales y el manejo log\u00edstico de veh\u00edculos el\u00e9ctricos, consolid\u00e1ndose como un aliado estrat\u00e9gico en toda la cadena de suministro. Estructura de personal Fundadores Ivania L\u00f3pez \u00c1lvarez Gerente General Michael Rueda Calvo Sub Gerente General IL ADUANAS opera con una estructura organizada para cubrir todas las necesidades log\u00edsticas y administrativas, incluyendo los siguientes departamentos clave: Agencia Aduanal Operaciones Mar\u00edtimas Transporte Local Paqueter\u00eda Contabilidad y Finanzas. Gerencia Comercial. Gerencia General y Administrativa.<\/p>","protected":false},"author":1,"featured_media":0,"parent":0,"menu_order":0,"comment_status":"closed","ping_status":"closed","template":"elementor_canvas","meta":{"site-sidebar-layout":"no-sidebar","site-content-layout":"","ast-site-content-layout":"full-width-container","site-content-style":"default","site-sidebar-style":"default","ast-global-header-display":"","ast-banner-title-visibility":"","ast-main-header-display":"","ast-hfb-above-header-display":"","ast-hfb-below-header-display":"","ast-hfb-mobile-header-display":"","site-post-title":"","ast-breadcrumbs-content":"","ast-featured-img":"disabled","footer-sml-layout":"","ast-disable-related-posts":"","theme-transparent-header-meta":"","adv-header-id-meta":"","stick-header-meta":"","header-above-stick-meta":"","header-main-stick-meta":"","header-below-stick-meta":"","astra-migrate-meta-layouts":"default","ast-page-background-enabled":"default","ast-page-background-meta":{"desktop":{"background-color":"var(--ast-global-color-5)","background-image":"","background-repeat":"repeat","background-position":"center center","background-size":"auto","background-attachment":"scroll","background-type":"","background-media":"","overlay-type":"","overlay-color":"","overlay-opacity":"","overlay-gradient":""},"tablet":{"background-color":"","background-image":"","background-repeat":"repeat","background-position":"center center","background-size":"auto","background-attachment":"scroll","background-type":"","background-media":"","overlay-type":"","overlay-color":"","overlay-opacity":"","overlay-gradient":""},"mobile":{"background-color":"","background-image":"","background-repeat":"repeat","background-position":"center center","background-size":"auto","background-attachment":"scroll","background-type":"","background-media":"","overlay-type":"","overlay-color":"","overlay-opacity":"","overlay-gradient":""}},"ast-content-background-meta":{"desktop":{"background-color":"var(--ast-global-color-4)","background-image":"","background-repeat":"repeat","background-position":"center center","background-size":"auto","background-attachment":"scroll","background-type":"","background-media":"","overlay-type":"","overlay-color":"","overlay-opacity":"","overlay-gradient":""},"tablet":{"background-color":"var(--ast-global-color-4)","background-image":"","background-repeat":"repeat","background-position":"center center","background-size":"auto","background-attachment":"scroll","background-type":"","background-media":"","overlay-type":"","overlay-color":"","overlay-opacity":"","overlay-gradient":""},"mobile":{"background-color":"var(--ast-global-color-4)","background-image":"","background-repeat":"repeat","background-position":"center center","background-size":"auto","background-attachment":"scroll","background-type":"","background-media":"","overlay-type":"","overlay-color":"","overlay-opacity":"","overlay-gradient":""}},"footnotes":""},"class_list":["post-444","page","type-page","status-publish","hentry"],"_links":{"self":[{"href":"https:\/\/iladuanascr.com\/en\/wp-json\/wp\/v2\/pages\/444","targetHints":{"allow":["GET"]}}],"collection":[{"href":"https:\/\/iladuanascr.com\/en\/wp-json\/wp\/v2\/pages"}],"about":[{"href":"https:\/\/iladuanascr.com\/en\/wp-json\/wp\/v2\/types\/page"}],"author":[{"embeddable":true,"href":"https:\/\/iladuanascr.com\/en\/wp-json\/wp\/v2\/users\/1"}],"replies":[{"embeddable":true,"href":"https:\/\/iladuanascr.com\/en\/wp-json\/wp\/v2\/comments?post=444"}],"version-history":[{"count":37,"href":"https:\/\/iladuanascr.com\/en\/wp-json\/wp\/v2\/pages\/444\/revisions"}],"predecessor-version":[{"id":689,"href":"https:\/\/iladuanascr.com\/en\/wp-json\/wp\/v2\/pages\/444\/revisions\/689"}],"wp:attachment":[{"href":"https:\/\/iladuanascr.com\/en\/wp-json\/wp\/v2\/media?parent=444"}],"curies":[{"name":"wp","href":"https:\/\/api.w.org\/{rel}","templated":true}]}}